{"id":8,"date":"2026-01-15T09:59:08","date_gmt":"2026-01-15T08:59:08","guid":{"rendered":"https:\/\/sa3d.hlw-media.at\/sa08\/?page_id=8"},"modified":"2026-01-15T10:55:44","modified_gmt":"2026-01-15T09:55:44","slug":"home","status":"publish","type":"page","link":"https:\/\/sa3d.hlw-media.at\/sa08\/","title":{"rendered":""},"content":{"rendered":"\n<div class=\"wp-block-columns is-layout-flex wp-container-core-columns-is-layout-28f84493 wp-block-columns-is-layout-flex\">\n<div class=\"wp-block-column is-layout-flow wp-block-column-is-layout-flow\">\n<p class=\"has-small-font-size\">Hochzeiten \u2022 Verlobungen \u2022 Paar-Shootings<\/p>\n\n\n\n<p class=\"has-x-large-font-size\">Echte Momente, zeitlos dokumentiert<\/p>\n\n\n\n<p class=\"has-small-font-size\">Emotionen f\u00fcr die Ewigkeit<\/p>\n\n\n\n<div class=\"wp-block-buttons is-content-justification-left is-layout-flex wp-container-core-buttons-is-layout-ac193c62 wp-block-buttons-is-layout-flex\" style=\"margin-top:var(--wp--preset--spacing--20);margin-bottom:var(--wp--preset--spacing--20);padding-top:0;padding-right:0;padding-bottom:0;padding-left:0\">\n<div class=\"wp-block-button has-custom-width wp-block-button__width-75\"><a class=\"wp-block-button__link has-custom-pink-background-color has-background has-small-font-size has-custom-font-size wp-element-button\" style=\"border-top-left-radius:7px;border-top-right-radius:7px;border-bottom-left-radius:7px;border-bottom-right-radius:7px;padding-top:var(--wp--preset--spacing--20);padding-right:0;padding-bottom:var(--wp--preset--spacing--20);padding-left:0\">Jetzt anfragen<\/a><\/div>\n<\/div>\n<\/div>\n\n\n\n<div class=\"wp-block-column is-layout-flow wp-block-column-is-layout-flow\">\n<figure class=\"wp-block-image size-full has-custom-border\"><img loading=\"lazy\" decoding=\"async\" width=\"640\" height=\"427\" src=\"https:\/\/sa3d.hlw-media.at\/sa08\/wp-content\/uploads\/2026\/01\/teaserbild.jpg\" alt=\"\" class=\"wp-image-26\" style=\"border-top-left-radius:5px;border-top-right-radius:5px;border-bottom-left-radius:5px;border-bottom-right-radius:5px;box-shadow:var(--wp--preset--shadow--deep)\" srcset=\"https:\/\/sa3d.hlw-media.at\/sa08\/wp-content\/uploads\/2026\/01\/teaserbild.jpg 640w, https:\/\/sa3d.hlw-media.at\/sa08\/wp-content\/uploads\/2026\/01\/teaserbild-300x200.jpg 300w\" sizes=\"auto, (max-width: 640px) 100vw, 640px\" \/><\/figure>\n<\/div>\n<\/div>\n\n\n\n<div style=\"height:64px\" aria-hidden=\"true\" class=\"wp-block-spacer\"><\/div>\n\n\n\n<h1 class=\"wp-block-heading has-custom-pink-color has-text-color has-link-color wp-elements-b090487ef95a62a4c1d7f95fd382ad7a\"><strong>Leistung<\/strong><\/h1>\n\n\n\n<div class=\"wp-block-columns is-layout-flex wp-container-core-columns-is-layout-948a7a95 wp-block-columns-is-layout-flex\" style=\"padding-top:0;padding-bottom:0\">\n<div class=\"wp-block-column has-border-color is-layout-flow wp-block-column-is-layout-flow\" style=\"border-color:#ffffff;border-width:9px;border-top-left-radius:5px;border-top-right-radius:5px;border-bottom-left-radius:5px;border-bottom-right-radius:5px;box-shadow:var(--wp--preset--shadow--deep)\">\n<figure class=\"wp-block-image size-large\"><img loading=\"lazy\" decoding=\"async\" width=\"739\" height=\"1024\" src=\"https:\/\/sa3d.hlw-media.at\/sa08\/wp-content\/uploads\/2026\/01\/leistung-1-739x1024.jpg\" alt=\"\" class=\"wp-image-27\" srcset=\"https:\/\/sa3d.hlw-media.at\/sa08\/wp-content\/uploads\/2026\/01\/leistung-1-739x1024.jpg 739w, https:\/\/sa3d.hlw-media.at\/sa08\/wp-content\/uploads\/2026\/01\/leistung-1-217x300.jpg 217w, https:\/\/sa3d.hlw-media.at\/sa08\/wp-content\/uploads\/2026\/01\/leistung-1-768x1064.jpg 768w, https:\/\/sa3d.hlw-media.at\/sa08\/wp-content\/uploads\/2026\/01\/leistung-1.jpg 1000w\" sizes=\"auto, (max-width: 739px) 100vw, 739px\" \/><\/figure>\n\n\n\n<h2 class=\"wp-block-heading has-text-align-center has-custom-grau-color has-text-color has-link-color wp-elements-0d0b80d57b10f37b2aad1f9eafc27626\" style=\"font-size:clamp(1.25rem, 1.25rem + ((1vw - 0.2rem) * 1.176), 2rem);\"><strong>Hochzeits-Fotografie<\/strong><\/h2>\n\n\n\n<p class=\"has-text-align-center has-small-font-size\">Zeit zu zweit, f\u00fcrs Leben festgehalten. Locker, liebevoll und ganz pers\u00f6nlich \u2013 Bilder, die eure Verbindung zeigen, so wie ihr seid.<\/p>\n<\/div>\n\n\n\n<div class=\"wp-block-column has-border-color has-custom-wei-border-color is-layout-flow wp-block-column-is-layout-flow\" style=\"border-width:9px;border-top-left-radius:5px;border-top-right-radius:5px;border-bottom-left-radius:5px;border-bottom-right-radius:5px;box-shadow:var(--wp--preset--shadow--deep)\">\n<figure class=\"wp-block-image size-large\"><img loading=\"lazy\" decoding=\"async\" width=\"739\" height=\"1024\" src=\"https:\/\/sa3d.hlw-media.at\/sa08\/wp-content\/uploads\/2026\/01\/lesitung-2-739x1024.jpg\" alt=\"\" class=\"wp-image-28\" srcset=\"https:\/\/sa3d.hlw-media.at\/sa08\/wp-content\/uploads\/2026\/01\/lesitung-2-739x1024.jpg 739w, https:\/\/sa3d.hlw-media.at\/sa08\/wp-content\/uploads\/2026\/01\/lesitung-2-217x300.jpg 217w, https:\/\/sa3d.hlw-media.at\/sa08\/wp-content\/uploads\/2026\/01\/lesitung-2-768x1064.jpg 768w, https:\/\/sa3d.hlw-media.at\/sa08\/wp-content\/uploads\/2026\/01\/lesitung-2.jpg 1000w\" sizes=\"auto, (max-width: 739px) 100vw, 739px\" \/><\/figure>\n\n\n\n<h2 class=\"wp-block-heading has-text-align-center has-custom-grau-color has-text-color has-link-color wp-elements-3f2fe7ec1506ed6ccaa03304bdf54104\"><strong>Hochzeits-Video<\/strong><\/h2>\n\n\n\n<p class=\"has-text-align-center has-small-font-size\">Echte Emotionen, festgehalten f\u00fcr die Ewigkeit. Von den gro\u00dfen Momenten bis zu den kleinen Details \u2013 ich begleite euren Tag mit Herz, Blick und Gef\u00fchl.<\/p>\n<\/div>\n\n\n\n<div class=\"wp-block-column has-border-color has-custom-wei-border-color is-layout-flow wp-block-column-is-layout-flow\" style=\"border-width:9px;border-top-left-radius:5px;border-top-right-radius:5px;border-bottom-left-radius:5px;border-bottom-right-radius:5px;box-shadow:var(--wp--preset--shadow--deep)\">\n<figure class=\"wp-block-image size-large\"><img loading=\"lazy\" decoding=\"async\" width=\"739\" height=\"1024\" src=\"https:\/\/sa3d.hlw-media.at\/sa08\/wp-content\/uploads\/2026\/01\/leistung3-739x1024.jpg\" alt=\"\" class=\"wp-image-29\" srcset=\"https:\/\/sa3d.hlw-media.at\/sa08\/wp-content\/uploads\/2026\/01\/leistung3-739x1024.jpg 739w, https:\/\/sa3d.hlw-media.at\/sa08\/wp-content\/uploads\/2026\/01\/leistung3-217x300.jpg 217w, https:\/\/sa3d.hlw-media.at\/sa08\/wp-content\/uploads\/2026\/01\/leistung3-768x1064.jpg 768w, https:\/\/sa3d.hlw-media.at\/sa08\/wp-content\/uploads\/2026\/01\/leistung3.jpg 1000w\" sizes=\"auto, (max-width: 739px) 100vw, 739px\" \/><\/figure>\n\n\n\n<h2 class=\"wp-block-heading has-text-align-center\" style=\"font-size:clamp(1.25rem, 1.25rem + ((1vw - 0.2rem) * 1.176), 2rem);\"><strong>Hochzeits-Planung<\/strong><\/h2>\n\n\n\n<p class=\"has-text-align-center has-small-font-size\">Damit aus euren Tr\u00e4umen ein unvergesslicher Tag wird. Ich unterst\u00fctze euch dabei, eure Hochzeit bis ins kleinste Detail perfekt zu planen.<\/p>\n<\/div>\n<\/div>\n\n\n\n<p><\/p>\n","protected":false},"excerpt":{"rendered":"<p>Hochzeiten \u2022 Verlobungen \u2022 Paar-Shootings Echte Momente, zeitlos dokumentiert Emotionen f\u00fcr die Ewigkeit Leistung Hochzeits-Fotografie Zeit zu zweit, f\u00fcrs Leben festgehalten. Locker, liebevoll und ganz pers\u00f6nlich \u2013 Bilder, die eure Verbindung zeigen, so wie ihr seid. Hochzeits-Video Echte Emotionen, festgehalten f\u00fcr die Ewigkeit. Von den gro\u00dfen Momenten bis zu den kleinen Details \u2013 ich begleite [&hellip;]<\/p>\n","protected":false},"author":1,"featured_media":0,"parent":0,"menu_order":0,"comment_status":"closed","ping_status":"closed","template":"","meta":{"footnotes":""},"class_list":["post-8","page","type-page","status-publish","hentry"],"_links":{"self":[{"href":"https:\/\/sa3d.hlw-media.at\/sa08\/wp-json\/wp\/v2\/pages\/8","targetHints":{"allow":["GET"]}}],"collection":[{"href":"https:\/\/sa3d.hlw-media.at\/sa08\/wp-json\/wp\/v2\/pages"}],"about":[{"href":"https:\/\/sa3d.hlw-media.at\/sa08\/wp-json\/wp\/v2\/types\/page"}],"author":[{"embeddable":true,"href":"https:\/\/sa3d.hlw-media.at\/sa08\/wp-json\/wp\/v2\/users\/1"}],"replies":[{"embeddable":true,"href":"https:\/\/sa3d.hlw-media.at\/sa08\/wp-json\/wp\/v2\/comments?post=8"}],"version-history":[{"count":12,"href":"https:\/\/sa3d.hlw-media.at\/sa08\/wp-json\/wp\/v2\/pages\/8\/revisions"}],"predecessor-version":[{"id":50,"href":"https:\/\/sa3d.hlw-media.at\/sa08\/wp-json\/wp\/v2\/pages\/8\/revisions\/50"}],"wp:attachment":[{"href":"https:\/\/sa3d.hlw-media.at\/sa08\/wp-json\/wp\/v2\/media?parent=8"}],"curies":[{"name":"wp","href":"https:\/\/api.w.org\/{rel}","templated":true}]}}