{"id":12,"date":"2026-01-15T10:06:07","date_gmt":"2026-01-15T09:06:07","guid":{"rendered":"https:\/\/sa3d.hlw-media.at\/sa07\/?page_id=12"},"modified":"2026-01-15T10:24:05","modified_gmt":"2026-01-15T09:24:05","slug":"startseite","status":"publish","type":"page","link":"https:\/\/sa3d.hlw-media.at\/sa07\/","title":{"rendered":"Startseite"},"content":{"rendered":"\n<div class=\"wp-block-columns is-layout-flex wp-container-core-columns-is-layout-28f84493 wp-block-columns-is-layout-flex\">\n<div class=\"wp-block-column is-layout-flow wp-block-column-is-layout-flow\">\n<p>Hochzeiten \u2022 Verlobungen \u2022 Paar-Shootings<\/p>\n\n\n\n<p class=\"has-x-large-font-size\" style=\"font-style:normal;font-weight:600\">Echte Momente, zeitlos dokumentiert<\/p>\n\n\n\n<p class=\"has-medium-font-size\" style=\"font-style:italic;font-weight:400\">Emotionen f\u00fcr die Ewigkeit.<\/p>\n\n\n\n<div class=\"wp-block-buttons has-base-background-color has-background is-layout-flex wp-block-buttons-is-layout-flex\">\n<div class=\"wp-block-button\"><a class=\"wp-block-button__link has-custom-pink-background-color has-background has-small-font-size has-custom-font-size wp-element-button\" style=\"border-top-left-radius:8px;border-top-right-radius:8px;border-bottom-left-radius:8px;border-bottom-right-radius:8px\">Jetzt anfragen<\/a><\/div>\n<\/div>\n<\/div>\n\n\n\n<div class=\"wp-block-column is-layout-flow wp-block-column-is-layout-flow\">\n<figure class=\"wp-block-image size-full has-custom-border\"><img loading=\"lazy\" decoding=\"async\" width=\"640\" height=\"427\" src=\"https:\/\/sa3d.hlw-media.at\/sa07\/wp-content\/uploads\/2026\/01\/teaserbild.jpg\" alt=\"\" class=\"wp-image-21\" style=\"border-top-left-radius:8px;border-top-right-radius:8px;border-bottom-left-radius:8px;border-bottom-right-radius:8px;box-shadow:var(--wp--preset--shadow--natural)\" srcset=\"https:\/\/sa3d.hlw-media.at\/sa07\/wp-content\/uploads\/2026\/01\/teaserbild.jpg 640w, https:\/\/sa3d.hlw-media.at\/sa07\/wp-content\/uploads\/2026\/01\/teaserbild-300x200.jpg 300w\" sizes=\"auto, (max-width: 640px) 100vw, 640px\" \/><\/figure>\n<\/div>\n<\/div>\n\n\n\n<h1 class=\"wp-block-heading has-custom-pink-color has-text-color has-link-color wp-elements-e15d20dadd3fc479e000b3db16b58f12\" style=\"font-size:clamp(1.743rem, 1.743rem + ((1vw - 0.2rem) * 1.972), 3rem);\">Leistungen<\/h1>\n\n\n\n<div class=\"wp-block-columns is-layout-flex wp-container-core-columns-is-layout-28f84493 wp-block-columns-is-layout-flex\">\n<div class=\"wp-block-column has-custom-wei-background-color has-background is-layout-flow wp-block-column-is-layout-flow\" style=\"border-top-left-radius:20px;border-top-right-radius:20px;border-bottom-left-radius:20px;border-bottom-right-radius:20px;padding-top:var(--wp--preset--spacing--30);padding-right:var(--wp--preset--spacing--30);padding-bottom:var(--wp--preset--spacing--30);padding-left:var(--wp--preset--spacing--30);box-shadow:var(--wp--preset--shadow--natural)\">\n<figure class=\"wp-block-image aligncenter size-large\"><img loading=\"lazy\" decoding=\"async\" width=\"739\" height=\"1024\" src=\"https:\/\/sa3d.hlw-media.at\/sa07\/wp-content\/uploads\/2026\/01\/leistung-1-739x1024.jpg\" alt=\"\" class=\"wp-image-17\" style=\"aspect-ratio:3\/4;object-fit:cover\" srcset=\"https:\/\/sa3d.hlw-media.at\/sa07\/wp-content\/uploads\/2026\/01\/leistung-1-739x1024.jpg 739w, https:\/\/sa3d.hlw-media.at\/sa07\/wp-content\/uploads\/2026\/01\/leistung-1-217x300.jpg 217w, https:\/\/sa3d.hlw-media.at\/sa07\/wp-content\/uploads\/2026\/01\/leistung-1-768x1064.jpg 768w, https:\/\/sa3d.hlw-media.at\/sa07\/wp-content\/uploads\/2026\/01\/leistung-1.jpg 1000w\" sizes=\"auto, (max-width: 739px) 100vw, 739px\" \/><\/figure>\n\n\n\n<h2 class=\"wp-block-heading has-text-align-center has-custom-grau-color has-text-color has-link-color wp-elements-fc13b28616b38c66db0db1fde1926ca4\" style=\"font-size:clamp(1.25rem, 1.25rem + ((1vw - 0.2rem) * 1.176), 2rem);\">Hochzeits-Fotografie<\/h2>\n\n\n\n<p class=\"has-text-align-center\">Zeit zu zweit, f\u00fcrs Leben festgehalten. Locker, liebevoll und ganz pers\u00f6nlich \u2013 Bilder, die eure Verbindung zeigen, so wie ihr seid.<\/p>\n<\/div>\n\n\n\n<div class=\"wp-block-column has-custom-wei-background-color has-background is-layout-flow wp-block-column-is-layout-flow\" style=\"border-top-left-radius:20px;border-top-right-radius:20px;border-bottom-left-radius:20px;border-bottom-right-radius:20px;padding-top:var(--wp--preset--spacing--30);padding-right:var(--wp--preset--spacing--30);padding-bottom:var(--wp--preset--spacing--30);padding-left:var(--wp--preset--spacing--30);box-shadow:var(--wp--preset--shadow--natural)\">\n<figure class=\"wp-block-image size-large\"><img loading=\"lazy\" decoding=\"async\" width=\"739\" height=\"1024\" src=\"https:\/\/sa3d.hlw-media.at\/sa07\/wp-content\/uploads\/2026\/01\/lesitung-2-739x1024.jpg\" alt=\"\" class=\"wp-image-19\" style=\"aspect-ratio:3\/4;object-fit:cover\" srcset=\"https:\/\/sa3d.hlw-media.at\/sa07\/wp-content\/uploads\/2026\/01\/lesitung-2-739x1024.jpg 739w, https:\/\/sa3d.hlw-media.at\/sa07\/wp-content\/uploads\/2026\/01\/lesitung-2-217x300.jpg 217w, https:\/\/sa3d.hlw-media.at\/sa07\/wp-content\/uploads\/2026\/01\/lesitung-2-768x1064.jpg 768w, https:\/\/sa3d.hlw-media.at\/sa07\/wp-content\/uploads\/2026\/01\/lesitung-2.jpg 1000w\" sizes=\"auto, (max-width: 739px) 100vw, 739px\" \/><\/figure>\n\n\n\n<h2 class=\"wp-block-heading has-text-align-center\" style=\"font-size:clamp(1.25rem, 1.25rem + ((1vw - 0.2rem) * 1.176), 2rem);\">Hochzeits-Video<\/h2>\n\n\n\n<p class=\"has-text-align-center\">Echte Emotionen, festgehalten f\u00fcr die Ewigkeit. Von den gro\u00dfen Momenten bis zu den kleinen Details \u2013 ich begleite euren Tag mit Herz, Blick und Gef\u00fchl.<\/p>\n<\/div>\n\n\n\n<div class=\"wp-block-column is-layout-flow wp-block-column-is-layout-flow\" style=\"border-top-left-radius:20px;border-top-right-radius:20px;border-bottom-left-radius:20px;border-bottom-right-radius:20px;padding-top:var(--wp--preset--spacing--20);padding-right:var(--wp--preset--spacing--20);padding-bottom:var(--wp--preset--spacing--20);padding-left:var(--wp--preset--spacing--20);box-shadow:var(--wp--preset--shadow--natural)\">\n<figure class=\"wp-block-image size-large\"><img loading=\"lazy\" decoding=\"async\" width=\"739\" height=\"1024\" src=\"https:\/\/sa3d.hlw-media.at\/sa07\/wp-content\/uploads\/2026\/01\/leistung3-739x1024.jpg\" alt=\"\" class=\"wp-image-18\" style=\"aspect-ratio:3\/4;object-fit:cover\" srcset=\"https:\/\/sa3d.hlw-media.at\/sa07\/wp-content\/uploads\/2026\/01\/leistung3-739x1024.jpg 739w, https:\/\/sa3d.hlw-media.at\/sa07\/wp-content\/uploads\/2026\/01\/leistung3-217x300.jpg 217w, https:\/\/sa3d.hlw-media.at\/sa07\/wp-content\/uploads\/2026\/01\/leistung3-768x1064.jpg 768w, https:\/\/sa3d.hlw-media.at\/sa07\/wp-content\/uploads\/2026\/01\/leistung3.jpg 1000w\" sizes=\"auto, (max-width: 739px) 100vw, 739px\" \/><\/figure>\n\n\n\n<h2 class=\"wp-block-heading has-text-align-center\">Hochzeits-Plannung<\/h2>\n\n\n\n<p class=\"has-text-align-center\">Damit aus euren Tr\u00e4umen ein unvergesslicher Tag wird. Ich unterst\u00fctze euch dabei, eure Hochzeit bis ins kleinste Detail perfekt zu planen.<\/p>\n<\/div>\n<\/div>\n\n\n\n<p><\/p>\n","protected":false},"excerpt":{"rendered":"<p>Hochzeiten \u2022 Verlobungen \u2022 Paar-Shootings Echte Momente, zeitlos dokumentiert Emotionen f\u00fcr die Ewigkeit. Leistungen Hochzeits-Fotografie Zeit zu zweit, f\u00fcrs Leben festgehalten. Locker, liebevoll und ganz pers\u00f6nlich \u2013 Bilder, die eure Verbindung zeigen, so wie ihr seid. Hochzeits-Video Echte Emotionen, festgehalten f\u00fcr die Ewigkeit. Von den gro\u00dfen Momenten bis zu den kleinen Details \u2013 ich begleite [&hellip;]<\/p>\n","protected":false},"author":2,"featured_media":0,"parent":0,"menu_order":0,"comment_status":"closed","ping_status":"closed","template":"","meta":{"footnotes":""},"class_list":["post-12","page","type-page","status-publish","hentry"],"_links":{"self":[{"href":"https:\/\/sa3d.hlw-media.at\/sa07\/wp-json\/wp\/v2\/pages\/12","targetHints":{"allow":["GET"]}}],"collection":[{"href":"https:\/\/sa3d.hlw-media.at\/sa07\/wp-json\/wp\/v2\/pages"}],"about":[{"href":"https:\/\/sa3d.hlw-media.at\/sa07\/wp-json\/wp\/v2\/types\/page"}],"author":[{"embeddable":true,"href":"https:\/\/sa3d.hlw-media.at\/sa07\/wp-json\/wp\/v2\/users\/2"}],"replies":[{"embeddable":true,"href":"https:\/\/sa3d.hlw-media.at\/sa07\/wp-json\/wp\/v2\/comments?post=12"}],"version-history":[{"count":8,"href":"https:\/\/sa3d.hlw-media.at\/sa07\/wp-json\/wp\/v2\/pages\/12\/revisions"}],"predecessor-version":[{"id":29,"href":"https:\/\/sa3d.hlw-media.at\/sa07\/wp-json\/wp\/v2\/pages\/12\/revisions\/29"}],"wp:attachment":[{"href":"https:\/\/sa3d.hlw-media.at\/sa07\/wp-json\/wp\/v2\/media?parent=12"}],"curies":[{"name":"wp","href":"https:\/\/api.w.org\/{rel}","templated":true}]}}