{"id":12,"date":"2026-01-15T10:03:36","date_gmt":"2026-01-15T09:03:36","guid":{"rendered":"https:\/\/sa3d.hlw-media.at\/sa05\/?page_id=12"},"modified":"2026-01-15T11:37:29","modified_gmt":"2026-01-15T10:37:29","slug":"home","status":"publish","type":"page","link":"https:\/\/sa3d.hlw-media.at\/sa05\/","title":{"rendered":"Home"},"content":{"rendered":"\n<div class=\"wp-block-columns is-layout-flex wp-container-core-columns-is-layout-78278c89 wp-block-columns-is-layout-flex\" style=\"margin-top:var(--wp--preset--spacing--20);margin-bottom:var(--wp--preset--spacing--20);padding-top:var(--wp--preset--spacing--20);padding-right:0;padding-bottom:var(--wp--preset--spacing--20);padding-left:0\">\n<div class=\"wp-block-column is-layout-flow wp-block-column-is-layout-flow\">\n<p class=\"has-small-font-size\">Hochzeiten &#8211; Verlobungen &#8211; Paar-Shootings<\/p>\n\n\n\n<p class=\"has-accent-4-color has-text-color has-link-color has-large-font-size wp-elements-d97efa6049153ad4676ad0a929368c53\">Echte Momente, zeitlos dokumentiert<\/p>\n\n\n\n<p><em><strong>Emotionen f\u00fcr die Ewigkeit.<\/strong><\/em><\/p>\n\n\n\n<div class=\"wp-block-buttons is-layout-flex wp-block-buttons-is-layout-flex\">\n<div class=\"wp-block-button has-custom-width wp-block-button__width-75\"><a class=\"wp-block-button__link has-custom-pink-background-color has-background has-small-font-size has-custom-font-size wp-element-button\" href=\"https:\/\/sa3d.hlw-media.at\/sa05\/anfrage\/\" style=\"border-top-left-radius:13px;border-top-right-radius:13px;border-bottom-left-radius:13px;border-bottom-right-radius:13px;padding-top:var(--wp--preset--spacing--20);padding-right:0;padding-bottom:var(--wp--preset--spacing--20);padding-left:0\">Jetzt anfragen<\/a><\/div>\n<\/div>\n<\/div>\n\n\n\n<div class=\"wp-block-column is-layout-flow wp-block-column-is-layout-flow\">\n<figure class=\"wp-block-image size-full has-custom-border\"><img loading=\"lazy\" decoding=\"async\" width=\"640\" height=\"427\" src=\"https:\/\/sa3d.hlw-media.at\/sa05\/wp-content\/uploads\/2026\/01\/teaserbild.jpg\" alt=\"\" class=\"wp-image-21\" style=\"border-top-left-radius:12px;border-top-right-radius:12px;border-bottom-left-radius:12px;border-bottom-right-radius:12px;box-shadow:var(--wp--preset--shadow--natural)\" srcset=\"https:\/\/sa3d.hlw-media.at\/sa05\/wp-content\/uploads\/2026\/01\/teaserbild.jpg 640w, https:\/\/sa3d.hlw-media.at\/sa05\/wp-content\/uploads\/2026\/01\/teaserbild-300x200.jpg 300w\" sizes=\"auto, (max-width: 640px) 100vw, 640px\" \/><\/figure>\n<\/div>\n<\/div>\n\n\n\n<h1 class=\"wp-block-heading\">Leistungen<\/h1>\n\n\n\n<div class=\"wp-block-columns is-layout-flex wp-container-core-columns-is-layout-28f84493 wp-block-columns-is-layout-flex\">\n<div class=\"wp-block-column has-border-color has-custom-weiss-border-color has-custom-weiss-background-color has-background is-layout-flow wp-block-column-is-layout-flow\" style=\"border-width:10px;border-top-left-radius:9px;border-top-right-radius:9px;border-bottom-left-radius:9px;border-bottom-right-radius:9px;box-shadow:var(--wp--preset--shadow--natural)\">\n<figure class=\"wp-block-image size-large\"><img loading=\"lazy\" decoding=\"async\" width=\"739\" height=\"1024\" src=\"https:\/\/sa3d.hlw-media.at\/sa05\/wp-content\/uploads\/2026\/01\/leistung-1-739x1024.jpg\" alt=\"\" class=\"wp-image-22\" srcset=\"https:\/\/sa3d.hlw-media.at\/sa05\/wp-content\/uploads\/2026\/01\/leistung-1-739x1024.jpg 739w, https:\/\/sa3d.hlw-media.at\/sa05\/wp-content\/uploads\/2026\/01\/leistung-1-217x300.jpg 217w, https:\/\/sa3d.hlw-media.at\/sa05\/wp-content\/uploads\/2026\/01\/leistung-1-768x1064.jpg 768w, https:\/\/sa3d.hlw-media.at\/sa05\/wp-content\/uploads\/2026\/01\/leistung-1.jpg 1000w\" sizes=\"auto, (max-width: 739px) 100vw, 739px\" \/><\/figure>\n\n\n\n<h2 class=\"wp-block-heading has-text-align-center has-small-font-size\">Hochzeits-Fotografie<\/h2>\n\n\n\n<p class=\"has-text-align-center has-small-font-size\">Zeit zu zweit, f\u00fcrs Leben festgehalten. Locker, liebevoll und ganz pers\u00f6nlich \u2013 Bilder, die eure Verbindung zeigen, so wie ihr seid.<\/p>\n<\/div>\n\n\n\n<div class=\"wp-block-column has-border-color has-custom-weiss-border-color has-custom-weiss-background-color has-background is-layout-flow wp-block-column-is-layout-flow\" style=\"border-width:10px;border-top-left-radius:10px;border-top-right-radius:10px;border-bottom-left-radius:10px;border-bottom-right-radius:10px;box-shadow:var(--wp--preset--shadow--natural)\">\n<figure class=\"wp-block-image size-large\"><img loading=\"lazy\" decoding=\"async\" width=\"739\" height=\"1024\" src=\"https:\/\/sa3d.hlw-media.at\/sa05\/wp-content\/uploads\/2026\/01\/lesitung-2-739x1024.jpg\" alt=\"\" class=\"wp-image-23\" srcset=\"https:\/\/sa3d.hlw-media.at\/sa05\/wp-content\/uploads\/2026\/01\/lesitung-2-739x1024.jpg 739w, https:\/\/sa3d.hlw-media.at\/sa05\/wp-content\/uploads\/2026\/01\/lesitung-2-217x300.jpg 217w, https:\/\/sa3d.hlw-media.at\/sa05\/wp-content\/uploads\/2026\/01\/lesitung-2-768x1064.jpg 768w, https:\/\/sa3d.hlw-media.at\/sa05\/wp-content\/uploads\/2026\/01\/lesitung-2.jpg 1000w\" sizes=\"auto, (max-width: 739px) 100vw, 739px\" \/><\/figure>\n\n\n\n<h2 class=\"wp-block-heading has-text-align-center has-small-font-size\">Hochzeits-Video<\/h2>\n\n\n\n<p class=\"has-text-align-center has-small-font-size\">Echte Emotionen, festgehalten f\u00fcr die Ewigkeit. Von den gro\u00dfen Momenten bis zu den kleinen Details \u2013 ich begleite euren Tag mit Herz, Blick und Gef\u00fchl.<\/p>\n<\/div>\n\n\n\n<div class=\"wp-block-column has-border-color has-custom-weiss-border-color has-custom-weiss-background-color has-background is-layout-flow wp-container-core-column-is-layout-f5bb311e wp-block-column-is-layout-flow\" style=\"border-width:10px;border-top-left-radius:10px;border-top-right-radius:10px;border-bottom-left-radius:10px;border-bottom-right-radius:10px;box-shadow:var(--wp--preset--shadow--natural)\">\n<figure class=\"wp-block-image size-large\"><img loading=\"lazy\" decoding=\"async\" width=\"739\" height=\"1024\" src=\"https:\/\/sa3d.hlw-media.at\/sa05\/wp-content\/uploads\/2026\/01\/leistung3-739x1024.jpg\" alt=\"\" class=\"wp-image-24\" srcset=\"https:\/\/sa3d.hlw-media.at\/sa05\/wp-content\/uploads\/2026\/01\/leistung3-739x1024.jpg 739w, https:\/\/sa3d.hlw-media.at\/sa05\/wp-content\/uploads\/2026\/01\/leistung3-217x300.jpg 217w, https:\/\/sa3d.hlw-media.at\/sa05\/wp-content\/uploads\/2026\/01\/leistung3-768x1064.jpg 768w, https:\/\/sa3d.hlw-media.at\/sa05\/wp-content\/uploads\/2026\/01\/leistung3.jpg 1000w\" sizes=\"auto, (max-width: 739px) 100vw, 739px\" \/><\/figure>\n\n\n\n<h2 class=\"wp-block-heading has-text-align-center has-small-font-size\">Hochzeitsplanung<\/h2>\n\n\n\n<p class=\"has-text-align-center has-small-font-size\">Damit aus euren Tr\u00e4umen ein unvergesslicher Tag wird. Ich unterst\u00fctze euch dabei, eure Hochzeit bis ins kleinste Detail perfekt zu planen.<\/p>\n<\/div>\n<\/div>\n\n\n\n<p><\/p>\n","protected":false},"excerpt":{"rendered":"<p>Hochzeiten &#8211; Verlobungen &#8211; Paar-Shootings Echte Momente, zeitlos dokumentiert Emotionen f\u00fcr die Ewigkeit. Leistungen Hochzeits-Fotografie Zeit zu zweit, f\u00fcrs Leben festgehalten. Locker, liebevoll und ganz pers\u00f6nlich \u2013 Bilder, die eure Verbindung zeigen, so wie ihr seid. Hochzeits-Video Echte Emotionen, festgehalten f\u00fcr die Ewigkeit. Von den gro\u00dfen Momenten bis zu den kleinen Details \u2013 ich begleite [&hellip;]<\/p>\n","protected":false},"author":1,"featured_media":0,"parent":0,"menu_order":0,"comment_status":"closed","ping_status":"closed","template":"page-no-title","meta":{"footnotes":""},"class_list":["post-12","page","type-page","status-publish","hentry"],"_links":{"self":[{"href":"https:\/\/sa3d.hlw-media.at\/sa05\/wp-json\/wp\/v2\/pages\/12","targetHints":{"allow":["GET"]}}],"collection":[{"href":"https:\/\/sa3d.hlw-media.at\/sa05\/wp-json\/wp\/v2\/pages"}],"about":[{"href":"https:\/\/sa3d.hlw-media.at\/sa05\/wp-json\/wp\/v2\/types\/page"}],"author":[{"embeddable":true,"href":"https:\/\/sa3d.hlw-media.at\/sa05\/wp-json\/wp\/v2\/users\/1"}],"replies":[{"embeddable":true,"href":"https:\/\/sa3d.hlw-media.at\/sa05\/wp-json\/wp\/v2\/comments?post=12"}],"version-history":[{"count":6,"href":"https:\/\/sa3d.hlw-media.at\/sa05\/wp-json\/wp\/v2\/pages\/12\/revisions"}],"predecessor-version":[{"id":42,"href":"https:\/\/sa3d.hlw-media.at\/sa05\/wp-json\/wp\/v2\/pages\/12\/revisions\/42"}],"wp:attachment":[{"href":"https:\/\/sa3d.hlw-media.at\/sa05\/wp-json\/wp\/v2\/media?parent=12"}],"curies":[{"name":"wp","href":"https:\/\/api.w.org\/{rel}","templated":true}]}}