{"id":2,"date":"2025-12-14T13:33:41","date_gmt":"2025-12-14T12:33:41","guid":{"rendered":"https:\/\/sa3d.hlw-media.at\/sa04\/?page_id=2"},"modified":"2026-01-15T11:38:55","modified_gmt":"2026-01-15T10:38:55","slug":"startseite","status":"publish","type":"page","link":"https:\/\/sa3d.hlw-media.at\/sa04\/startseite\/","title":{"rendered":""},"content":{"rendered":"\n<div class=\"wp-block-columns is-layout-flex wp-container-core-columns-is-layout-28f84493 wp-block-columns-is-layout-flex\">\n<div class=\"wp-block-column is-layout-flow wp-block-column-is-layout-flow\">\n<p class=\"has-small-font-size\">Hochzeiten | Verlobungen | Paar-Shootings<\/p>\n\n\n\n<p>Echte Momente, zeitlos dokumentiert<\/p>\n\n\n\n<p class=\"has-small-font-size\" style=\"border-style:none;border-width:0px;margin-top:var(--wp--preset--spacing--20);margin-bottom:var(--wp--preset--spacing--20)\"><em>Emotionen f\u00fcr die Ewigkeit.<\/em><\/p>\n\n\n\n<div class=\"wp-block-buttons has-custom-font-size has-small-font-size is-layout-flex wp-container-core-buttons-is-layout-a35a601f wp-block-buttons-is-layout-flex\" style=\"margin-top:0;margin-bottom:0;padding-top:0;padding-bottom:0\">\n<div class=\"wp-block-button\"><a class=\"wp-block-button__link has-accent-1-background-color has-background wp-element-button\" href=\"https:\/\/sa3d.hlw-media.at\/sa04\/anfrage\/\" style=\"border-top-left-radius:10px;border-top-right-radius:10px;border-bottom-left-radius:10px;border-bottom-right-radius:10px;padding-top:var(--wp--preset--spacing--20);padding-bottom:var(--wp--preset--spacing--20)\">Jetzt anfragen<\/a><\/div>\n<\/div>\n<\/div>\n\n\n\n<div class=\"wp-block-column is-layout-flow wp-block-column-is-layout-flow\">\n<figure class=\"wp-block-image size-full has-custom-border\"><img loading=\"lazy\" decoding=\"async\" width=\"640\" height=\"427\" src=\"https:\/\/sa3d.hlw-media.at\/sa04\/wp-content\/uploads\/2026\/01\/teaserbild.jpg\" alt=\"\" class=\"has-border-color has-accent-6-border-color wp-image-21\" style=\"border-width:3px;border-top-left-radius:7px;border-top-right-radius:7px;border-bottom-left-radius:7px;border-bottom-right-radius:7px\" srcset=\"https:\/\/sa3d.hlw-media.at\/sa04\/wp-content\/uploads\/2026\/01\/teaserbild.jpg 640w, https:\/\/sa3d.hlw-media.at\/sa04\/wp-content\/uploads\/2026\/01\/teaserbild-300x200.jpg 300w\" sizes=\"auto, (max-width: 640px) 100vw, 640px\" \/><\/figure>\n<\/div>\n<\/div>\n\n\n\n<div style=\"height:38px\" aria-hidden=\"true\" class=\"wp-block-spacer\"><\/div>\n\n\n\n<h1 class=\"wp-block-heading has-accent-1-color has-text-color has-link-color wp-elements-091ef64f7015d4366ff5042b72f56fb1\"><strong>Leistungen<\/strong><\/h1>\n\n\n\n<div class=\"wp-block-columns is-layout-flex wp-container-core-columns-is-layout-28f84493 wp-block-columns-is-layout-flex\">\n<div class=\"wp-block-column has-border-color is-layout-flow wp-container-core-column-is-layout-057de46b wp-block-column-is-layout-flow\" style=\"border-color:color-mix(in srgb, currentColor 20%, transparent);border-width:2px;border-top-left-radius:7px;border-top-right-radius:7px;border-bottom-left-radius:7px;border-bottom-right-radius:7px;padding-top:var(--wp--preset--spacing--20);padding-right:var(--wp--preset--spacing--20);padding-bottom:var(--wp--preset--spacing--20);padding-left:var(--wp--preset--spacing--20)\">\n<figure class=\"wp-block-image size-large\"><img loading=\"lazy\" decoding=\"async\" width=\"739\" height=\"1024\" src=\"https:\/\/sa3d.hlw-media.at\/sa04\/wp-content\/uploads\/2026\/01\/leistung-1-1-739x1024.jpg\" alt=\"\" class=\"wp-image-23\" srcset=\"https:\/\/sa3d.hlw-media.at\/sa04\/wp-content\/uploads\/2026\/01\/leistung-1-1-739x1024.jpg 739w, https:\/\/sa3d.hlw-media.at\/sa04\/wp-content\/uploads\/2026\/01\/leistung-1-1-217x300.jpg 217w, https:\/\/sa3d.hlw-media.at\/sa04\/wp-content\/uploads\/2026\/01\/leistung-1-1-768x1064.jpg 768w, https:\/\/sa3d.hlw-media.at\/sa04\/wp-content\/uploads\/2026\/01\/leistung-1-1.jpg 1000w\" sizes=\"auto, (max-width: 739px) 100vw, 739px\" \/><\/figure>\n\n\n\n<p class=\"has-text-align-center is-style-text-subtitle has-medium-font-size is-style-text-subtitle--1\">Hochzeits-Fotografie<\/p>\n\n\n\n<p class=\"has-small-font-size\">Zeit zu zweit, f\u00fcrs Leben festgehalten. Locker, liebevoll und ganz pers\u00f6nlich &#8211; Bilder, die eure Verbindung zeigen, so wie ihr seid.<\/p>\n<\/div>\n\n\n\n<div class=\"wp-block-column has-border-color is-layout-flow wp-block-column-is-layout-flow\" style=\"border-color:color-mix(in srgb, currentColor 20%, transparent);border-width:2px;border-top-left-radius:7px;border-top-right-radius:7px;border-bottom-left-radius:7px;border-bottom-right-radius:7px;padding-top:var(--wp--preset--spacing--20);padding-right:var(--wp--preset--spacing--20);padding-bottom:var(--wp--preset--spacing--20);padding-left:var(--wp--preset--spacing--20)\">\n<figure class=\"wp-block-image size-large\"><img loading=\"lazy\" decoding=\"async\" width=\"739\" height=\"1024\" src=\"https:\/\/sa3d.hlw-media.at\/sa04\/wp-content\/uploads\/2026\/01\/lesitung-2-739x1024.jpg\" alt=\"\" class=\"wp-image-24\" srcset=\"https:\/\/sa3d.hlw-media.at\/sa04\/wp-content\/uploads\/2026\/01\/lesitung-2-739x1024.jpg 739w, https:\/\/sa3d.hlw-media.at\/sa04\/wp-content\/uploads\/2026\/01\/lesitung-2-217x300.jpg 217w, https:\/\/sa3d.hlw-media.at\/sa04\/wp-content\/uploads\/2026\/01\/lesitung-2-768x1064.jpg 768w, https:\/\/sa3d.hlw-media.at\/sa04\/wp-content\/uploads\/2026\/01\/lesitung-2.jpg 1000w\" sizes=\"auto, (max-width: 739px) 100vw, 739px\" \/><\/figure>\n\n\n\n<p class=\"has-text-align-center is-style-text-subtitle has-medium-font-size is-style-text-subtitle--2\">Hochzeits-Video<\/p>\n\n\n\n<p class=\"has-small-font-size\">Echte Emotion, festgehalten f\u00fcr die Ewigkeit. Von den gro\u00dfen Momenten bis zu den kleinen Details &#8211; ich begleite euren Tag mit Herz, Blick und Gef\u00fchl.<\/p>\n<\/div>\n\n\n\n<div class=\"wp-block-column has-border-color is-layout-flow wp-container-core-column-is-layout-c18ba342 wp-block-column-is-layout-flow\" style=\"border-color:color-mix(in srgb, currentColor 20%, transparent);border-width:2px;border-top-left-radius:7px;border-top-right-radius:7px;border-bottom-left-radius:7px;border-bottom-right-radius:7px;padding-top:var(--wp--preset--spacing--20);padding-right:var(--wp--preset--spacing--20);padding-bottom:var(--wp--preset--spacing--20);padding-left:var(--wp--preset--spacing--20)\">\n<figure class=\"wp-block-image size-large\"><img loading=\"lazy\" decoding=\"async\" width=\"739\" height=\"1024\" src=\"https:\/\/sa3d.hlw-media.at\/sa04\/wp-content\/uploads\/2026\/01\/leistung3-739x1024.jpg\" alt=\"\" class=\"wp-image-25\" srcset=\"https:\/\/sa3d.hlw-media.at\/sa04\/wp-content\/uploads\/2026\/01\/leistung3-739x1024.jpg 739w, https:\/\/sa3d.hlw-media.at\/sa04\/wp-content\/uploads\/2026\/01\/leistung3-217x300.jpg 217w, https:\/\/sa3d.hlw-media.at\/sa04\/wp-content\/uploads\/2026\/01\/leistung3-768x1064.jpg 768w, https:\/\/sa3d.hlw-media.at\/sa04\/wp-content\/uploads\/2026\/01\/leistung3.jpg 1000w\" sizes=\"auto, (max-width: 739px) 100vw, 739px\" \/><\/figure>\n\n\n\n<p class=\"has-text-align-center is-style-text-subtitle has-medium-font-size is-style-text-subtitle--3\">Hochzeits-Planung<\/p>\n\n\n\n<p class=\"has-small-font-size\">Damit aus euren Tr\u00e4umen ein unvergesslicher Tag wird. Ich unterst\u00fctze euch dabei, eure Hochzeit bis ins kleinste Detail perfekt zu planen.<\/p>\n<\/div>\n<\/div>\n\n\n\n<div style=\"height:38px\" aria-hidden=\"true\" class=\"wp-block-spacer\"><\/div>\n","protected":false},"excerpt":{"rendered":"<p>Hochzeiten | Verlobungen | Paar-Shootings Echte Momente, zeitlos dokumentiert Emotionen f\u00fcr die Ewigkeit. Leistungen Hochzeits-Fotografie Zeit zu zweit, f\u00fcrs Leben festgehalten. Locker, liebevoll und ganz pers\u00f6nlich &#8211; Bilder, die eure Verbindung zeigen, so wie ihr seid. Hochzeits-Video Echte Emotion, festgehalten f\u00fcr die Ewigkeit. Von den gro\u00dfen Momenten bis zu den kleinen Details &#8211; ich begleite [&hellip;]<\/p>\n","protected":false},"author":1,"featured_media":0,"parent":0,"menu_order":0,"comment_status":"closed","ping_status":"closed","template":"","meta":{"footnotes":""},"class_list":["post-2","page","type-page","status-publish","hentry"],"_links":{"self":[{"href":"https:\/\/sa3d.hlw-media.at\/sa04\/wp-json\/wp\/v2\/pages\/2","targetHints":{"allow":["GET"]}}],"collection":[{"href":"https:\/\/sa3d.hlw-media.at\/sa04\/wp-json\/wp\/v2\/pages"}],"about":[{"href":"https:\/\/sa3d.hlw-media.at\/sa04\/wp-json\/wp\/v2\/types\/page"}],"author":[{"embeddable":true,"href":"https:\/\/sa3d.hlw-media.at\/sa04\/wp-json\/wp\/v2\/users\/1"}],"replies":[{"embeddable":true,"href":"https:\/\/sa3d.hlw-media.at\/sa04\/wp-json\/wp\/v2\/comments?post=2"}],"version-history":[{"count":5,"href":"https:\/\/sa3d.hlw-media.at\/sa04\/wp-json\/wp\/v2\/pages\/2\/revisions"}],"predecessor-version":[{"id":42,"href":"https:\/\/sa3d.hlw-media.at\/sa04\/wp-json\/wp\/v2\/pages\/2\/revisions\/42"}],"wp:attachment":[{"href":"https:\/\/sa3d.hlw-media.at\/sa04\/wp-json\/wp\/v2\/media?parent=2"}],"curies":[{"name":"wp","href":"https:\/\/api.w.org\/{rel}","templated":true}]}}