{"id":7,"date":"2026-01-15T09:59:23","date_gmt":"2026-01-15T08:59:23","guid":{"rendered":"https:\/\/sa3d.hlw-media.at\/sa03\/?page_id=7"},"modified":"2026-01-15T11:40:46","modified_gmt":"2026-01-15T10:40:46","slug":"startseite","status":"publish","type":"page","link":"https:\/\/sa3d.hlw-media.at\/sa03\/","title":{"rendered":"Startseite"},"content":{"rendered":"\n<div class=\"wp-block-columns is-layout-flex wp-container-core-columns-is-layout-28f84493 wp-block-columns-is-layout-flex\">\n<div class=\"wp-block-column is-layout-flow wp-block-column-is-layout-flow\">\n<p class=\"has-small-font-size\">Hochzeiten \u2022 Verlobungen \u2022 Paar-Shootings<\/p>\n\n\n\n<p>Echte Momente, zeitlos dokumentiert<\/p>\n\n\n\n<p class=\"has-small-font-size\"><em>Emotionen f\u00fcr die Ewigkeit<\/em><\/p>\n\n\n\n<div class=\"wp-block-buttons is-layout-flex wp-block-buttons-is-layout-flex\">\n<div class=\"wp-block-button\"><a class=\"wp-block-button__link has-custom-pink-background-color has-background has-small-font-size has-custom-font-size wp-element-button\" href=\"https:\/\/sa3d.hlw-media.at\/sa03\/anfrage\/\" style=\"border-top-left-radius:13px;border-top-right-radius:13px;border-bottom-left-radius:13px;border-bottom-right-radius:13px;padding-top:var(--wp--preset--spacing--20);padding-right:var(--wp--preset--spacing--20);padding-bottom:var(--wp--preset--spacing--20);padding-left:var(--wp--preset--spacing--20)\">Jetzt anfragen<\/a><\/div>\n<\/div>\n<\/div>\n\n\n\n<div class=\"wp-block-column is-layout-flow wp-block-column-is-layout-flow\">\n<figure class=\"wp-block-image size-full has-custom-border is-style-rounded\"><img loading=\"lazy\" decoding=\"async\" width=\"640\" height=\"427\" src=\"https:\/\/sa3d.hlw-media.at\/sa03\/wp-content\/uploads\/2026\/01\/teaserbild.jpg\" alt=\"\" class=\"wp-image-24\" style=\"border-style:none;border-width:0px;border-top-left-radius:15px;border-top-right-radius:15px;border-bottom-left-radius:15px;border-bottom-right-radius:15px;box-shadow:var(--wp--preset--shadow--deep)\" srcset=\"https:\/\/sa3d.hlw-media.at\/sa03\/wp-content\/uploads\/2026\/01\/teaserbild.jpg 640w, https:\/\/sa3d.hlw-media.at\/sa03\/wp-content\/uploads\/2026\/01\/teaserbild-300x200.jpg 300w\" sizes=\"auto, (max-width: 640px) 100vw, 640px\" \/><\/figure>\n<\/div>\n<\/div>\n\n\n\n<h2 class=\"wp-block-heading\">Leistungen<\/h2>\n\n\n\n<div class=\"wp-block-columns has-custom-2-font-size is-layout-flex wp-container-core-columns-is-layout-17bcc110 wp-block-columns-is-layout-flex\" style=\"border-style:none;border-width:0px;margin-top:var(--wp--preset--spacing--30);margin-bottom:var(--wp--preset--spacing--30);padding-top:0;padding-bottom:0\">\n<div class=\"wp-block-column has-border-color has-custom-weis-border-color is-layout-flow wp-block-column-is-layout-flow\" style=\"border-width:10px;border-top-left-radius:8px;border-top-right-radius:8px;border-bottom-left-radius:8px;border-bottom-right-radius:8px;box-shadow:var(--wp--preset--shadow--natural)\">\n<figure class=\"wp-block-image size-large\"><img loading=\"lazy\" decoding=\"async\" width=\"739\" height=\"1024\" src=\"https:\/\/sa3d.hlw-media.at\/sa03\/wp-content\/uploads\/2026\/01\/leistung-1-1-739x1024.jpg\" alt=\"\" class=\"wp-image-29\" srcset=\"https:\/\/sa3d.hlw-media.at\/sa03\/wp-content\/uploads\/2026\/01\/leistung-1-1-739x1024.jpg 739w, https:\/\/sa3d.hlw-media.at\/sa03\/wp-content\/uploads\/2026\/01\/leistung-1-1-217x300.jpg 217w, https:\/\/sa3d.hlw-media.at\/sa03\/wp-content\/uploads\/2026\/01\/leistung-1-1-768x1064.jpg 768w, https:\/\/sa3d.hlw-media.at\/sa03\/wp-content\/uploads\/2026\/01\/leistung-1-1.jpg 1000w\" sizes=\"auto, (max-width: 739px) 100vw, 739px\" \/><\/figure>\n\n\n\n<p class=\"has-text-align-center has-custom-2-font-size\"><strong>Hochzeitsfotografie<\/strong><\/p>\n\n\n\n<p class=\"has-text-align-center has-custom-2-font-size\">Zeit zu zweit, f\u00fcrs Leben festgehalten. Locker, liebevoll und ganz pers\u00f6nlich \u2013 Bilder, die eure Verbindung zeigen, so wie ihr seid.<\/p>\n<\/div>\n\n\n\n<div class=\"wp-block-column has-border-color has-custom-weis-border-color is-layout-flow wp-block-column-is-layout-flow\" style=\"border-width:10px;border-top-left-radius:8px;border-top-right-radius:8px;border-bottom-left-radius:8px;border-bottom-right-radius:8px;box-shadow:var(--wp--preset--shadow--natural)\">\n<figure class=\"wp-block-image size-large\"><img loading=\"lazy\" decoding=\"async\" width=\"739\" height=\"1024\" src=\"https:\/\/sa3d.hlw-media.at\/sa03\/wp-content\/uploads\/2026\/01\/lesitung-2-1-739x1024.jpg\" alt=\"\" class=\"wp-image-30\" srcset=\"https:\/\/sa3d.hlw-media.at\/sa03\/wp-content\/uploads\/2026\/01\/lesitung-2-1-739x1024.jpg 739w, https:\/\/sa3d.hlw-media.at\/sa03\/wp-content\/uploads\/2026\/01\/lesitung-2-1-217x300.jpg 217w, https:\/\/sa3d.hlw-media.at\/sa03\/wp-content\/uploads\/2026\/01\/lesitung-2-1-768x1064.jpg 768w, https:\/\/sa3d.hlw-media.at\/sa03\/wp-content\/uploads\/2026\/01\/lesitung-2-1.jpg 1000w\" sizes=\"auto, (max-width: 739px) 100vw, 739px\" \/><\/figure>\n\n\n\n<p class=\"has-text-align-center has-custom-2-font-size\"><strong>Hochzeits-Video<\/strong><\/p>\n\n\n\n<p class=\"has-text-align-center has-custom-2-font-size\">Echte Emotionen, festgehalten f\u00fcr die Ewigkeit. Von den gro\u00dfen Momenten bis zu den kleinen Details \u2013 ich begleite euren Tag mit Herz, Blick und Gef\u00fchl.<\/p>\n<\/div>\n\n\n\n<div class=\"wp-block-column has-border-color has-custom-weis-border-color is-layout-flow wp-block-column-is-layout-flow\" style=\"border-width:10px;border-top-left-radius:8px;border-top-right-radius:8px;border-bottom-left-radius:8px;border-bottom-right-radius:8px;box-shadow:var(--wp--preset--shadow--natural)\">\n<figure class=\"wp-block-image size-large\"><img loading=\"lazy\" decoding=\"async\" width=\"739\" height=\"1024\" src=\"https:\/\/sa3d.hlw-media.at\/sa03\/wp-content\/uploads\/2026\/01\/leistung3-1-739x1024.jpg\" alt=\"\" class=\"wp-image-31\" srcset=\"https:\/\/sa3d.hlw-media.at\/sa03\/wp-content\/uploads\/2026\/01\/leistung3-1-739x1024.jpg 739w, https:\/\/sa3d.hlw-media.at\/sa03\/wp-content\/uploads\/2026\/01\/leistung3-1-217x300.jpg 217w, https:\/\/sa3d.hlw-media.at\/sa03\/wp-content\/uploads\/2026\/01\/leistung3-1-768x1064.jpg 768w, https:\/\/sa3d.hlw-media.at\/sa03\/wp-content\/uploads\/2026\/01\/leistung3-1.jpg 1000w\" sizes=\"auto, (max-width: 739px) 100vw, 739px\" \/><\/figure>\n\n\n\n<p class=\"has-text-align-center has-custom-2-font-size\"><strong>Hochzeitsplanung<\/strong><\/p>\n\n\n\n<p class=\"has-text-align-center has-custom-2-font-size\">Damit aus euren Tr\u00e4umen ein unvergesslicher Tag wird. Ich unterst\u00fctze euch dabei, eure Hochzeit bis ins kleinste Detail perfekt zu planen.<\/p>\n<\/div>\n<\/div>\n\n\n\n<p><\/p>\n","protected":false},"excerpt":{"rendered":"<p>Hochzeiten \u2022 Verlobungen \u2022 Paar-Shootings Echte Momente, zeitlos dokumentiert Emotionen f\u00fcr die Ewigkeit Leistungen Hochzeitsfotografie Zeit zu zweit, f\u00fcrs Leben festgehalten. Locker, liebevoll und ganz pers\u00f6nlich \u2013 Bilder, die eure Verbindung zeigen, so wie ihr seid. Hochzeits-Video Echte Emotionen, festgehalten f\u00fcr die Ewigkeit. Von den gro\u00dfen Momenten bis zu den kleinen Details \u2013 ich begleite [&hellip;]<\/p>\n","protected":false},"author":1,"featured_media":0,"parent":0,"menu_order":0,"comment_status":"closed","ping_status":"closed","template":"","meta":{"footnotes":""},"class_list":["post-7","page","type-page","status-publish","hentry"],"_links":{"self":[{"href":"https:\/\/sa3d.hlw-media.at\/sa03\/wp-json\/wp\/v2\/pages\/7","targetHints":{"allow":["GET"]}}],"collection":[{"href":"https:\/\/sa3d.hlw-media.at\/sa03\/wp-json\/wp\/v2\/pages"}],"about":[{"href":"https:\/\/sa3d.hlw-media.at\/sa03\/wp-json\/wp\/v2\/types\/page"}],"author":[{"embeddable":true,"href":"https:\/\/sa3d.hlw-media.at\/sa03\/wp-json\/wp\/v2\/users\/1"}],"replies":[{"embeddable":true,"href":"https:\/\/sa3d.hlw-media.at\/sa03\/wp-json\/wp\/v2\/comments?post=7"}],"version-history":[{"count":8,"href":"https:\/\/sa3d.hlw-media.at\/sa03\/wp-json\/wp\/v2\/pages\/7\/revisions"}],"predecessor-version":[{"id":48,"href":"https:\/\/sa3d.hlw-media.at\/sa03\/wp-json\/wp\/v2\/pages\/7\/revisions\/48"}],"wp:attachment":[{"href":"https:\/\/sa3d.hlw-media.at\/sa03\/wp-json\/wp\/v2\/media?parent=7"}],"curies":[{"name":"wp","href":"https:\/\/api.w.org\/{rel}","templated":true}]}}