{"id":9,"date":"2026-01-15T09:59:32","date_gmt":"2026-01-15T08:59:32","guid":{"rendered":"https:\/\/sa3d.hlw-media.at\/sa01\/?page_id=9"},"modified":"2026-01-15T10:47:37","modified_gmt":"2026-01-15T09:47:37","slug":"startseite","status":"publish","type":"page","link":"https:\/\/sa3d.hlw-media.at\/sa01\/","title":{"rendered":"Startseite"},"content":{"rendered":"\n<div class=\"wp-block-columns is-layout-flex wp-container-core-columns-is-layout-ef350914 wp-block-columns-is-layout-flex\" style=\"padding-top:var(--wp--preset--spacing--30);padding-bottom:var(--wp--preset--spacing--30)\">\n<div class=\"wp-block-column is-layout-flow wp-block-column-is-layout-flow\" style=\"padding-top:0;padding-bottom:0\">\n<p class=\"has-small-font-size\">Hochzeiten Verlobungen Paar-Shooting<\/p>\n\n\n\n<p>Echte Momente, zeitlos dokumentiert<\/p>\n\n\n\n<p class=\"has-small-font-size\">Emotionen f\u00fcr die Ewigkeit<\/p>\n\n\n\n<div class=\"wp-block-buttons is-layout-flex wp-block-buttons-is-layout-flex\">\n<div class=\"wp-block-button\"><a class=\"wp-block-button__link has-custom-pink-background-color has-background wp-element-button\" href=\"https:\/\/sa3d.hlw-media.at\/sa01\/anfrage\/\" style=\"border-style:none;border-width:0px;border-top-left-radius:10px;border-top-right-radius:10px;border-bottom-left-radius:10px;border-bottom-right-radius:10px\">Jetzt Anfragen<\/a><\/div>\n<\/div>\n<\/div>\n\n\n\n<div class=\"wp-block-column is-layout-flow wp-block-column-is-layout-flow\">\n<figure class=\"wp-block-image size-full has-custom-border\"><img loading=\"lazy\" decoding=\"async\" width=\"640\" height=\"427\" src=\"https:\/\/sa3d.hlw-media.at\/sa01\/wp-content\/uploads\/2026\/01\/teaserbild.jpg\" alt=\"\" class=\"wp-image-12\" style=\"border-style:none;border-width:0px;border-top-left-radius:10px;border-top-right-radius:10px;border-bottom-left-radius:10px;border-bottom-right-radius:10px;box-shadow:var(--wp--preset--shadow--deep)\" srcset=\"https:\/\/sa3d.hlw-media.at\/sa01\/wp-content\/uploads\/2026\/01\/teaserbild.jpg 640w, https:\/\/sa3d.hlw-media.at\/sa01\/wp-content\/uploads\/2026\/01\/teaserbild-300x200.jpg 300w\" sizes=\"auto, (max-width: 640px) 100vw, 640px\" \/><\/figure>\n<\/div>\n<\/div>\n\n\n\n<h1 class=\"wp-block-heading has-custom-pink-color has-text-color has-link-color wp-elements-d6115fd204b2b60fba3632b7ce492215\" style=\"padding-top:var(--wp--preset--spacing--40);padding-bottom:var(--wp--preset--spacing--40)\"><strong>Leistungen<\/strong><\/h1>\n\n\n\n<div class=\"wp-block-columns is-layout-flex wp-container-core-columns-is-layout-28f84493 wp-block-columns-is-layout-flex\" id=\"shadow{10px;}\">\n<div class=\"wp-block-column has-border-color has-base-border-color is-layout-flow wp-block-column-is-layout-flow\" style=\"border-width:5px;border-top-left-radius:12px;border-top-right-radius:12px;border-bottom-left-radius:12px;border-bottom-right-radius:12px;box-shadow:var(--wp--preset--shadow--deep)\">\n<figure class=\"wp-block-image size-large\"><img loading=\"lazy\" decoding=\"async\" width=\"739\" height=\"1024\" src=\"https:\/\/sa3d.hlw-media.at\/sa01\/wp-content\/uploads\/2026\/01\/leistung-1-739x1024.jpg\" alt=\"\" class=\"wp-image-13\" srcset=\"https:\/\/sa3d.hlw-media.at\/sa01\/wp-content\/uploads\/2026\/01\/leistung-1-739x1024.jpg 739w, https:\/\/sa3d.hlw-media.at\/sa01\/wp-content\/uploads\/2026\/01\/leistung-1-217x300.jpg 217w, https:\/\/sa3d.hlw-media.at\/sa01\/wp-content\/uploads\/2026\/01\/leistung-1-768x1064.jpg 768w, https:\/\/sa3d.hlw-media.at\/sa01\/wp-content\/uploads\/2026\/01\/leistung-1.jpg 1000w\" sizes=\"auto, (max-width: 739px) 100vw, 739px\" \/><\/figure>\n\n\n\n<h2 class=\"wp-block-heading has-text-align-center has-medium-font-size\">Hochzeits-Fotografie<\/h2>\n\n\n\n<p class=\"has-text-align-center has-small-font-size\">Zeit zu zweit, f\u00fcrs Leben festgehalten. Locker, liebevoll und ganz pers\u00f6nlich \u2013 Bilder, die eure Verbindung zeigen, so wie ihr seid.<\/p>\n<\/div>\n\n\n\n<div class=\"wp-block-column has-border-color has-base-border-color is-layout-flow wp-block-column-is-layout-flow\" style=\"border-width:5px;border-top-left-radius:10px;border-top-right-radius:10px;border-bottom-left-radius:10px;border-bottom-right-radius:10px;box-shadow:var(--wp--preset--shadow--deep)\">\n<figure class=\"wp-block-image size-large\"><img loading=\"lazy\" decoding=\"async\" width=\"739\" height=\"1024\" src=\"https:\/\/sa3d.hlw-media.at\/sa01\/wp-content\/uploads\/2026\/01\/lesitung-2-739x1024.jpg\" alt=\"\" class=\"wp-image-14\" srcset=\"https:\/\/sa3d.hlw-media.at\/sa01\/wp-content\/uploads\/2026\/01\/lesitung-2-739x1024.jpg 739w, https:\/\/sa3d.hlw-media.at\/sa01\/wp-content\/uploads\/2026\/01\/lesitung-2-217x300.jpg 217w, https:\/\/sa3d.hlw-media.at\/sa01\/wp-content\/uploads\/2026\/01\/lesitung-2-768x1064.jpg 768w, https:\/\/sa3d.hlw-media.at\/sa01\/wp-content\/uploads\/2026\/01\/lesitung-2.jpg 1000w\" sizes=\"auto, (max-width: 739px) 100vw, 739px\" \/><\/figure>\n\n\n\n<h2 class=\"wp-block-heading has-text-align-center has-medium-font-size\">Hochzeits-Video<\/h2>\n\n\n\n<p class=\"has-text-align-center has-small-font-size\">Echte Emotionen, festgehalten f\u00fcr die Ewigkeit. Von den gro\u00dfen Momenten bis zu den kleinen Details \u2013 ich begleite euren Tag mit Herz, Blick und Gef\u00fchl<\/p>\n<\/div>\n\n\n\n<div class=\"wp-block-column has-border-color has-base-border-color is-layout-flow wp-block-column-is-layout-flow\" style=\"border-width:5px;border-top-left-radius:10px;border-top-right-radius:10px;border-bottom-left-radius:10px;border-bottom-right-radius:10px;padding-top:0;padding-right:0;padding-bottom:0;padding-left:0;box-shadow:var(--wp--preset--shadow--deep)\">\n<figure class=\"wp-block-image size-large\"><img loading=\"lazy\" decoding=\"async\" width=\"739\" height=\"1024\" src=\"https:\/\/sa3d.hlw-media.at\/sa01\/wp-content\/uploads\/2026\/01\/leistung3-739x1024.jpg\" alt=\"\" class=\"wp-image-15\" srcset=\"https:\/\/sa3d.hlw-media.at\/sa01\/wp-content\/uploads\/2026\/01\/leistung3-739x1024.jpg 739w, https:\/\/sa3d.hlw-media.at\/sa01\/wp-content\/uploads\/2026\/01\/leistung3-217x300.jpg 217w, https:\/\/sa3d.hlw-media.at\/sa01\/wp-content\/uploads\/2026\/01\/leistung3-768x1064.jpg 768w, https:\/\/sa3d.hlw-media.at\/sa01\/wp-content\/uploads\/2026\/01\/leistung3.jpg 1000w\" sizes=\"auto, (max-width: 739px) 100vw, 739px\" \/><\/figure>\n\n\n\n<p class=\"has-text-align-center has-medium-font-size\">Hochzeits-Plannung<\/p>\n\n\n\n<p class=\"has-text-align-center has-small-font-size\">Damit aus euren Tr\u00e4umen ein unvergesslicher Tag wird. Ich unterst\u00fctze euch dabei, eure Hochzeit bis ins kleinste Detail perfekt zu planen.<\/p>\n<\/div>\n<\/div>\n\n\n\n<p><\/p>\n\n\n\n<p><\/p>\n","protected":false},"excerpt":{"rendered":"<p>Hochzeiten Verlobungen Paar-Shooting Echte Momente, zeitlos dokumentiert Emotionen f\u00fcr die Ewigkeit Leistungen Hochzeits-Fotografie Zeit zu zweit, f\u00fcrs Leben festgehalten. Locker, liebevoll und ganz pers\u00f6nlich \u2013 Bilder, die eure Verbindung zeigen, so wie ihr seid. Hochzeits-Video Echte Emotionen, festgehalten f\u00fcr die Ewigkeit. Von den gro\u00dfen Momenten bis zu den kleinen Details \u2013 ich begleite euren Tag [&hellip;]<\/p>\n","protected":false},"author":2,"featured_media":0,"parent":0,"menu_order":0,"comment_status":"closed","ping_status":"closed","template":"page-no-title","meta":{"footnotes":""},"class_list":["post-9","page","type-page","status-publish","hentry"],"_links":{"self":[{"href":"https:\/\/sa3d.hlw-media.at\/sa01\/wp-json\/wp\/v2\/pages\/9","targetHints":{"allow":["GET"]}}],"collection":[{"href":"https:\/\/sa3d.hlw-media.at\/sa01\/wp-json\/wp\/v2\/pages"}],"about":[{"href":"https:\/\/sa3d.hlw-media.at\/sa01\/wp-json\/wp\/v2\/types\/page"}],"author":[{"embeddable":true,"href":"https:\/\/sa3d.hlw-media.at\/sa01\/wp-json\/wp\/v2\/users\/2"}],"replies":[{"embeddable":true,"href":"https:\/\/sa3d.hlw-media.at\/sa01\/wp-json\/wp\/v2\/comments?post=9"}],"version-history":[{"count":4,"href":"https:\/\/sa3d.hlw-media.at\/sa01\/wp-json\/wp\/v2\/pages\/9\/revisions"}],"predecessor-version":[{"id":32,"href":"https:\/\/sa3d.hlw-media.at\/sa01\/wp-json\/wp\/v2\/pages\/9\/revisions\/32"}],"wp:attachment":[{"href":"https:\/\/sa3d.hlw-media.at\/sa01\/wp-json\/wp\/v2\/media?parent=9"}],"curies":[{"name":"wp","href":"https:\/\/api.w.org\/{rel}","templated":true}]}}